{"id":1224,"date":"2013-04-05T17:31:26","date_gmt":"2013-04-05T17:31:26","guid":{"rendered":"http:\/\/www.kriesi.at\/themes\/enfold\/?page_id=1224"},"modified":"2023-06-30T14:43:58","modified_gmt":"2023-06-30T12:43:58","slug":"kontakt","status":"publish","type":"page","link":"https:\/\/mizarstvo-tischler.eu\/de\/kontakt\/","title":{"rendered":"Kontakt"},"content":{"rendered":"<div id='av_section_1'  class='avia-section av-pvv1ug-61de7ec3693bea2f3a16581a1afcc3be alternate_color avia-section-default avia-no-shadow  avia-builder-el-0  el_before_av_one_half  avia-builder-el-first  avia-bg-style-scroll container_wrap sidebar_right'  ><div class='container av-section-cont-open' ><main  role=\"main\" itemprop=\"mainContentOfPage\"  class='template-page content  av-content-small alpha units'><div class='post-entry post-entry-type-page post-entry-1224'><div class='entry-content-wrapper clearfix'>\n<section  class='av_textblock_section av-nh51vc-2542bd08157579c830be028c1b96b655'  itemscope=\"itemscope\" itemtype=\"https:\/\/schema.org\/CreativeWork\" ><div class='avia_textblock'  itemprop=\"text\" ><h2 style=\"text-align: center;\">\u00dcber uns<\/h2>\n<p style=\"text-align: center;\">Bei Fragen stehen wir Ihnen gern zur Verf\u00fcgung.<\/p>\n<\/div><\/section>\n<div  class='hr av-n1lup4-45efb99273d4cf3ed31e92e3da258cdd hr-short  avia-builder-el-2  el_after_av_textblock  el_before_av_one_third  hr-center'><span class='hr-inner '><span class=\"hr-inner-style\"><\/span><\/span><\/div>\n<div class='flex_column av-ktmwq0-4bf22bcd9817427e3db50329701a8a0d av_one_third  avia-builder-el-3  el_after_av_hr  el_before_av_one_third  first flex_column_div '     ><article  class='iconbox iconbox_top av-jhe5ko-e7e20dc1f78cc0adf5f1e8a3b0d5f0c0  avia-builder-el-4  avia-builder-el-no-sibling  main_color'  itemscope=\"itemscope\" itemtype=\"https:\/\/schema.org\/CreativeWork\" ><div class=\"iconbox_content\"><header class=\"entry-content-header\"><div class=\"iconbox_icon heading-color\" aria-hidden='true' data-av_icon='\ue80a' data-av_iconfont='entypo-fontello'><\/div><h3 class='iconbox_content_title '  itemprop=\"headline\" > \u00dcber mich<\/h3><\/header><div class='iconbox_content_container '  itemprop=\"text\" ><p>Dr. Rajmund Lampreht<\/p>\n<p>Mobi:<br \/>\n+386 (0)40 376 271<br \/>\n+43 (0)664 4020 580<\/p>\n<p>E-mail: rajmundl@gmail.com<\/p>\n<\/div><\/div><footer class=\"entry-footer\"><\/footer><\/article><\/div><div class='flex_column av-1t9rzs-1d16d4ea27e5f147ae3e1bc05ff2d984 av_one_third  avia-builder-el-5  el_after_av_one_third  el_before_av_one_third  flex_column_div '     ><article  class='iconbox iconbox_top av-filrk8-acffdf3f4ce8159d1827aba3e303a1e9  avia-builder-el-6  avia-builder-el-no-sibling  main_color'  itemscope=\"itemscope\" itemtype=\"https:\/\/schema.org\/CreativeWork\" ><div class=\"iconbox_content\"><header class=\"entry-content-header\"><div class=\"iconbox_icon heading-color\" aria-hidden='true' data-av_icon='\ue821' data-av_iconfont='entypo-fontello'><\/div><h3 class='iconbox_content_title '  itemprop=\"headline\" >Unternehmen<\/h3><\/header><div class='iconbox_content_container '  itemprop=\"text\" ><p>Rajmund Lampreht, s. p.<\/p>\n<p>Selni\u0161ka cesta 27<br \/>\n2352 Selnica ob Dravi<\/p>\n<p>D\u0160: 95021205<br \/>\nM\u0160: 6115241000<\/p>\n<\/div><\/div><footer class=\"entry-footer\"><\/footer><\/article><\/div><div class='flex_column av-dnp2lk-bb10c68da7e12575bf37cb0f72c1a3d8 av_one_third  avia-builder-el-7  el_after_av_one_third  avia-builder-el-last  flex_column_div '     ><article  class='iconbox iconbox_top av-cmuc94-7c91cafc2990e92dbd4d7b1fd828627c  avia-builder-el-8  avia-builder-el-no-sibling  main_color'  itemscope=\"itemscope\" itemtype=\"https:\/\/schema.org\/CreativeWork\" ><div class=\"iconbox_content\"><header class=\"entry-content-header\"><div class=\"iconbox_icon heading-color\" aria-hidden='true' data-av_icon='\ue84d' data-av_iconfont='entypo-fontello'><\/div><h3 class='iconbox_content_title '  itemprop=\"headline\" > Einzelheiten<\/h3><\/header><div class='iconbox_content_container '  itemprop=\"text\" ><p>IBAN SI56 6100 0000 3429 491<br \/>\n(DELAVSKA HRANILNICA, d. d., LJUBLJANA)<\/p>\n<p>Das Unternehmen ist Steuerzahler.<br \/>\nDas Unternehmen ist registriert und im Branchenverzeichnis Sloweniens eingetragen.<br \/>\nhttp:\/\/www.ajpes.si\/<\/p>\n<\/div><\/div><footer class=\"entry-footer\"><\/footer><\/article><\/div><\/div><\/div><\/main><!-- close content main element --><\/div><\/div><div id='after_section_1'  class='main_color av_default_container_wrap container_wrap sidebar_right'  ><div class='container av-section-cont-open' ><div class='template-page content  av-content-small alpha units'><div class='post-entry post-entry-type-page post-entry-1224'><div class='entry-content-wrapper clearfix'><div class='flex_column av-a84jzs-fd9ad4401ba58c038c020bdc4653a54d av_one_half  avia-builder-el-9  el_after_av_section  el_before_av_one_half  avia-builder-el-first  first flex_column_div '     ><p>\n<style type=\"text\/css\" data-created_by=\"avia_inline_auto\" id=\"style-css-av-9riznc-85c80f452d86769e96ca4b6d693d302f\">\n#top .av-special-heading.av-9riznc-85c80f452d86769e96ca4b6d693d302f{\npadding-bottom:10px;\n}\nbody .av-special-heading.av-9riznc-85c80f452d86769e96ca4b6d693d302f .av-special-heading-tag .heading-char{\nfont-size:25px;\n}\n.av-special-heading.av-9riznc-85c80f452d86769e96ca4b6d693d302f .av-subheading{\nfont-size:15px;\n}\n<\/style>\n<div  class='av-special-heading av-9riznc-85c80f452d86769e96ca4b6d693d302f av-special-heading-h3 meta-heading  avia-builder-el-10  el_before_av_textblock  avia-builder-el-first '><h3 class='av-special-heading-tag'  itemprop=\"headline\"  >Meine Idee<\/h3><div class=\"special-heading-border\"><div class=\"special-heading-inner-border\"><\/div><\/div><\/div><br \/>\n<section  class='av_textblock_section av-7iatl4-86f91e330f44c4778daf08fa644cc74a'  itemscope=\"itemscope\" itemtype=\"https:\/\/schema.org\/CreativeWork\" ><div class='avia_textblock'  itemprop=\"text\" ><p>Jeder von uns verbringt einen gro\u00dfen Teil seines Alltags hinterm Tisch. Der Tisch geh\u00f6rt somit zu den meistbenutzten M\u00f6belst\u00fccken. Der Tisch sollte deshalb stabil und robust sein.<\/p>\n<p>Immer wenn wir jemanden zum Besuch einladen, laden wir zum Tisch ein. Der Tisch ist der zentrale Unterhaltungspunkt. Der Tisch reflektiert somit unseren Lebensstil.<\/p>\n<p>Es gilt die Regel: besondere Menschen haben besondere Tische.<\/p>\n<p>Auf der Suche nach \u201emeinem Tisch\u201c habe ich alle M\u00f6belh\u00e4user besucht. Die M\u00f6belh\u00e4ndler haben zwar eine riesige Auswahl, jedoch wurde ich nicht f\u00fcndig. Die Tische waren entweder billig verarbeitet oder nicht robust gebaut. Ich wollte einen Robusten, jedoch gleichzeitig einen Eleganten und Modernen Tisch. In mir ist eine Vision entstanden \u2026<\/p>\n<p>Ich habe angefangen Tische zu bauen. Meine Tische:<\/p>\n<ul>\n<li>Haben ein modernes Aussehen.<\/li>\n<li>Haben einen trendigen Look.<\/li>\n<li>Sind sehr robust gebaut.<\/li>\n<\/ul>\n<\/div><\/section><\/p><\/div><\/p>\n<div class='flex_column av-5yvslk-9276252e9f5551715ae2c63f26d36885 av_one_half  avia-builder-el-12  el_after_av_one_half  avia-builder-el-last  flex_column_div '     ><p>\n<style type=\"text\/css\" data-created_by=\"avia_inline_auto\" id=\"style-css-av-4x5jzs-20e02ec03a93a6573760f20f42f39985\">\n#top .av-special-heading.av-4x5jzs-20e02ec03a93a6573760f20f42f39985{\npadding-bottom:10px;\n}\nbody .av-special-heading.av-4x5jzs-20e02ec03a93a6573760f20f42f39985 .av-special-heading-tag .heading-char{\nfont-size:25px;\n}\n.av-special-heading.av-4x5jzs-20e02ec03a93a6573760f20f42f39985 .av-subheading{\nfont-size:15px;\n}\n<\/style>\n<div  class='av-special-heading av-4x5jzs-20e02ec03a93a6573760f20f42f39985 av-special-heading-h3 meta-heading  avia-builder-el-13  el_before_av_textblock  avia-builder-el-first '><h3 class='av-special-heading-tag'  itemprop=\"headline\"  >Tische Lampreht<\/h3><div class=\"special-heading-border\"><div class=\"special-heading-inner-border\"><\/div><\/div><\/div><br \/>\n<section  class='av_textblock_section av-2d6q6g-925e797226cb33395a18d3f0b55d598c'  itemscope=\"itemscope\" itemtype=\"https:\/\/schema.org\/CreativeWork\" ><div class='avia_textblock'  itemprop=\"text\" ><p><strong>Der Tisch \u2026<\/strong><\/p>\n<p>\u2026 spielt eine zentrale Rolle in unserem Haus.<\/p>\n<p>\u2026 wird jeden Tag aufs Neue belastet.<\/p>\n<p>\u2026 wird als erstes M\u00f6belst\u00fcck wahrgenommen.<\/p>\n<p><strong>Hinter dem Tisch \u2026<\/strong><\/p>\n<p>\u2026 versammelt sich die ganze Familie.<\/p>\n<p>\u2026 nehmen wir jeden Tag unsere Malzeiten ein.<\/p>\n<p>\u2026 arbeiten wir.<\/p>\n<p>\u2026 verbringen wir sehr viel Zeit.<\/p>\n<h4><\/h4>\n<\/div><\/section><\/p><\/div>\n","protected":false},"excerpt":{"rendered":"","protected":false},"author":1,"featured_media":0,"parent":0,"menu_order":0,"comment_status":"open","ping_status":"closed","template":"","meta":{"footnotes":""},"class_list":["post-1224","page","type-page","status-publish","hentry"],"_links":{"self":[{"href":"https:\/\/mizarstvo-tischler.eu\/de\/wp-json\/wp\/v2\/pages\/1224","targetHints":{"allow":["GET"]}}],"collection":[{"href":"https:\/\/mizarstvo-tischler.eu\/de\/wp-json\/wp\/v2\/pages"}],"about":[{"href":"https:\/\/mizarstvo-tischler.eu\/de\/wp-json\/wp\/v2\/types\/page"}],"author":[{"embeddable":true,"href":"https:\/\/mizarstvo-tischler.eu\/de\/wp-json\/wp\/v2\/users\/1"}],"replies":[{"embeddable":true,"href":"https:\/\/mizarstvo-tischler.eu\/de\/wp-json\/wp\/v2\/comments?post=1224"}],"version-history":[{"count":7,"href":"https:\/\/mizarstvo-tischler.eu\/de\/wp-json\/wp\/v2\/pages\/1224\/revisions"}],"predecessor-version":[{"id":3836,"href":"https:\/\/mizarstvo-tischler.eu\/de\/wp-json\/wp\/v2\/pages\/1224\/revisions\/3836"}],"wp:attachment":[{"href":"https:\/\/mizarstvo-tischler.eu\/de\/wp-json\/wp\/v2\/media?parent=1224"}],"curies":[{"name":"wp","href":"https:\/\/api.w.org\/{rel}","templated":true}]}}